{"id":18,"date":"2010-08-23T00:30:18","date_gmt":"2010-08-23T00:30:18","guid":{"rendered":"http:\/\/www.verasacchetti.net\/hipnose\/?page_id=18"},"modified":"2010-10-21T08:54:49","modified_gmt":"2010-10-21T08:54:49","slug":"hipnoterapia","status":"publish","type":"page","link":"https:\/\/www.verasacchetti.net\/hipnose\/?page_id=18","title":{"rendered":"Hipnoterapia"},"content":{"rendered":"<p><strong>Hipnoterapia <\/strong>significa\u00a0fazer terapia sob hipnose.<\/p>\n<p>Acredito que cada um de n\u00f3s \u00e9 respons\u00e1vel pela vida que tem. A um certo n\u00edvel somos n\u00f3s que escolhemos dizer sim ou n\u00e3o ao que nos \u00e9 apresentado pela vida. Desta maneira, \u00e9 dentro de n\u00f3s que est\u00e1 a capacidade de alterar as nossas escolhas, mudando o que nos provoca sofrimento.<\/p>\n<p>Quando uma pessoa entra num transe hipn\u00f3tico, fica relaxada, tranquila, e os sentimentos de calma e de seguran\u00e7a v\u00e3o-se instalando.\u00a0O lado anal\u00edtico, a voz cr\u00edtica, o lado racional da pessoa,\u00a0vai\u00a0aos poucos \u2018desligando\u2019 porque n\u00e3o est\u00e1 a ser solicitado, n\u00e3o precisa de estar activo.\u00a0Ao confiar no terapeuta, a pessoa n\u00e3o tem que estar \u2018na defesa\u2019. Assim permite-se relaxar e, sentindo-se segura, vai aceitar as sugest\u00f5es ou indica\u00e7\u00f5es que o terapeuta der.<\/p>\n<p>Sob hipnose sentimos uma calma intensa. A mente fica mais tranquila e serena e conseguimos ter\u00a0<em>insights<\/em> (uma vis\u00e3o nova e mais clara) sobre os assuntos da nossa vida.\u00a0 Sob hipnose podemos experimentar um estado de intimidade incr\u00edvel. Entramos em contacto com o que verdadeiramente somos e sentimos.<\/p>\n<p>A Hipnoterapia \u00e9 extremamente eficaz na cessa\u00e7\u00e3o do h\u00e1bito de fumar. Tamb\u00e9m \u00e9 ben\u00e9fica na cessa\u00e7\u00e3o de outros h\u00e1bitos indesejados (parar de roer unhas ou de comer compulsivamente) bem como numa grande variedade de casos cl\u00ednicos, que normalmente resultam de estados de ansiedade.<\/p>\n<p>Problemas psicol\u00f3gicos como fobias, ataques de p\u00e2nico, estados depressivos (mas n\u00e3o depress\u00f5es profundas), disfun\u00e7\u00f5es psico sexuais ou ansiedade de performance, falta de concentra\u00e7\u00e3o, baixa auto estima, baixa auto confian\u00e7a, stress, etc.<\/p>\n<p>Problemas fisiol\u00f3gicos como tiques, controlo de peso, sindroma do c\u00f3lon irrit\u00e1vel, asma, alergias, controlo da dor, problemas dermatol\u00f3gicos, zumbido, enurese nocturna etc.<\/p>\n<p><strong><span style=\"font-weight: normal;\"><br \/>\n<\/span><\/strong><\/p>\n","protected":false},"excerpt":{"rendered":"<p>Hipnoterapia significa\u00a0fazer terapia sob hipnose. Acredito que cada um de n\u00f3s \u00e9 respons\u00e1vel pela vida que tem. A um certo n\u00edvel somos n\u00f3s que escolhemos dizer sim ou n\u00e3o ao que nos \u00e9 apresentado pela vida. Desta maneira, \u00e9 dentro &hellip; <a href=\"https:\/\/www.verasacchetti.net\/hipnose\/?page_id=18\">Continuar a ler <span class=\"meta-nav\">&rarr;<\/span><\/a><\/p>\n","protected":false},"author":1,"featured_media":0,"parent":0,"menu_order":3,"comment_status":"closed","ping_status":"closed","template":"","meta":{"footnotes":""},"class_list":["post-18","page","type-page","status-publish","hentry"],"_links":{"self":[{"href":"https:\/\/www.verasacchetti.net\/hipnose\/index.php?rest_route=\/wp\/v2\/pages\/18","targetHints":{"allow":["GET"]}}],"collection":[{"href":"https:\/\/www.verasacchetti.net\/hipnose\/index.php?rest_route=\/wp\/v2\/pages"}],"about":[{"href":"https:\/\/www.verasacchetti.net\/hipnose\/index.php?rest_route=\/wp\/v2\/types\/page"}],"author":[{"embeddable":true,"href":"https:\/\/www.verasacchetti.net\/hipnose\/index.php?rest_route=\/wp\/v2\/users\/1"}],"replies":[{"embeddable":true,"href":"https:\/\/www.verasacchetti.net\/hipnose\/index.php?rest_route=%2Fwp%2Fv2%2Fcomments&post=18"}],"version-history":[{"count":7,"href":"https:\/\/www.verasacchetti.net\/hipnose\/index.php?rest_route=\/wp\/v2\/pages\/18\/revisions"}],"predecessor-version":[{"id":77,"href":"https:\/\/www.verasacchetti.net\/hipnose\/index.php?rest_route=\/wp\/v2\/pages\/18\/revisions\/77"}],"wp:attachment":[{"href":"https:\/\/www.verasacchetti.net\/hipnose\/index.php?rest_route=%2Fwp%2Fv2%2Fmedia&parent=18"}],"curies":[{"name":"wp","href":"https:\/\/api.w.org\/{rel}","templated":true}]}}