{"id":24,"date":"2013-02-17T00:56:00","date_gmt":"2013-02-17T00:56:00","guid":{"rendered":"http:\/\/www.verasacchetti.net\/hipnose\/?page_id=24"},"modified":"2021-06-29T12:12:43","modified_gmt":"2021-06-29T12:12:43","slug":"testemunhos","status":"publish","type":"page","link":"https:\/\/www.verasacchetti.net\/hipnose\/?page_id=24","title":{"rendered":"Testemunhos"},"content":{"rendered":"<p>Talvez a palavra que melhor descreve a minha experi\u00eancia com a hipnoterapia seja \u201cMilagre\u201d.<br \/>\nAntes da primeira sess\u00e3o estava deprimida, com uma anorexia nervosa. Todas as manh\u00e3s me perguntava porque raz\u00e3o deveria sair da cama e qual o sentido da vida.<br \/>\nFoi ent\u00e3o que conheci a Dr\u00aa Ros\u00e1rio, que ouviu com empatia e aten\u00e7\u00e3o a minha hist\u00f3ria e me mostrou que o meu passado n\u00e3o precisava de ser uma mochila pesada que me limita e me impede de ser feliz. Logo nas primeiras sess\u00f5es, ganhei consci\u00eancia de como tinha ido parar \u00e0quele lugar escuro, sem vida nem amor-pr\u00f3prio. Percebi que dentro de mim havia um potencial imenso \u00e0 espera de ser resgatado para florescer, e que n\u00e3o havia problema em olhar para dentro e conhecer-me.<br \/>\nFoi com a Dr\u00aa Ros\u00e1rio que comecei a minha jornada no caminho da auto-estima. Neste \u00e2mbito, achei a hipnoterapia particularmente fascinante: \u00e9 realmente incr\u00edvel perceber que tudo o que n\u00f3s queremos ser j\u00e1 existe dentro de n\u00f3s, e que a \u201creprograma\u00e7\u00e3o\u201d mental e emocional \u00e9 real e tem efeitos em todas as \u00e1reas da nossa vida.<br \/>\nCerto dia acordei e, pela primeira vez em muito tempo, n\u00e3o senti nenhum aperto no cora\u00e7\u00e3o. Comecei a apreciar os dias, a ouvir os p\u00e1ssaros a cantar, a sentir o calor do sol, a ver-me ao espelho com serenidade e aos poucos voltei a gostar de mim e da Vida.<br \/>\nOutra condi\u00e7\u00e3o que me limitava muit\u00edssimo eram os meus problemas relacionais, possivelmente decorrentes de uma inf\u00e2ncia de neglig\u00eancia e abandono emocional. O que mais me ajudou neste desafio n\u00e3o foi a terapia em si, mas sim a terapeuta excepcional que tive a sorte de \u201cencontrar\u201d no meu caminho. A Dr\u00aa Ros\u00e1rio mostrou-me a import\u00e2ncia do v\u00ednculo, e que uma rela\u00e7\u00e3o pode ser consistente e duradoura. Fez-me sentir apoiada, ouvida, digna de considera\u00e7\u00e3o. Mostrou-me que era poss\u00edvel contar com o outro sem medo de ser abandonada. Com o tempo, fui levando esta confian\u00e7a para as rela\u00e7\u00f5es de amizade, familiares e amorosas. E afinal, o que \u00e9 uma vida sem rela\u00e7\u00f5es e sem amor?<br \/>\nPenso v\u00e1rias vezes o que teria sido daquela adolescente se n\u00e3o tivesse ingressado nesta terapia m\u00e1gica. Hoje considero-me uma pessoa realizada, confiante, resiliente e guardo com todo o carinho e admira\u00e7\u00e3o o trabalho not\u00e1vel da Dr\u00aa Ros\u00e1rio Vilardeb\u00f3. Foi um \u201cmilagre\u201d na minha vida!<br \/>\n<strong>Respons\u00e1vel de Marketing, 25 anos, Lisboa<\/strong><\/p>\n<p>Tenho 53 anos e sempre trabalhei com muitas pessoas na area de Recursos Humanos, mas aos \u00a050 anos sentia-me cansada e abra\u00e7ei outro projecto que me pareceu interessante e deixei\u00a0 \u201ca selva\u201d em que trabalhava.<br \/>\nO projecto n\u00e3o correu como eu estava h\u00e1 espera por diversas raz\u00f5es, entre as quais trabalhar praticamente sozinha.<br \/>\nComecei a sentir-me angustiada e triste e um dia, ao beber \u00e1gua, engasguei-me e desmaiei. A partir dai comecei a emagrecer mas como tinha vitalidade n\u00e3o dei import\u00e2ncia e todos os dias comia menos.<br \/>\nEm Julho de 2014, acordei um dia e n\u00e3o conseguia engolir. Parece que o \u201ccomando\u201d da degluti\u00e7\u00e3o tinha \u201cavariado\u201d. Fui ao m\u00e9dico que me mandou efectuar umas serie de exames, mas estava tudo bem e como ia de f\u00e9rias , achei que ia ficar bem&#8230; Enganei-me &#8230;. todos os dias ficava mais magra, n\u00e3o conseguia engolir e cada vez que tentava engolir engasgava-me&#8230; foi um per\u00edodo muito dif\u00edcil e atingi os 37 Kg (tenho 1,64). J\u00e1 n\u00e3o conseguia andar e pouco falava. N\u00e3o tinha for\u00e7as e o m\u00e9dico mandou-me internar para ser alimentada por sonda .<br \/>\nAo fim de alguns dias continuava a ser alimentada por sonda mas as melhoras n\u00e3o eram muitas e o m\u00e9dico tinha feito todos os despistes para verificar se tinha outras doen\u00e7as<br \/>\nFelizmente o meu m\u00e9dico \u00e9 uma pessoa de mente aberta e soube da exist\u00eancia da Dr\u00aa Rosario e foi ao Hospital falar comigo e com o meu marido e concord\u00e1mos em que ela fosse l\u00e1 para me conhecer e se poss\u00edvel\u00a0 fazer uma sess\u00e3o comigo.<br \/>\nGra\u00e7as a Deus que foi, porque a D\u00aa Rosario foi ao Hospital todos os dias e eu fui tendo confian\u00e7a e a voltar a engolir sem me engasgar e ao fim de 8 dias retiraram-me a sonda , voltei a comer\u00a0 ainda com pouca confian\u00e7a e ao fim de 10 dias de internamento vim para casa onde tive sempre sess\u00f5es e todos os dias fui ficando melhor e mais forte.<br \/>\nHoje, felizmente, tenho que agradecer ao meu m\u00e9dico por acreditar na terapia da Dr\u00aa Rosario e tenho muito a agradecer a ela porque esteve sempre ao meu lado, sempre pronta a ajudar-me, a dar-me for\u00e7a e a acreditar que eu ia conseguir&#8230; e consegui !<br \/>\nJ\u00e1 passaram 7\u00a0 meses ap\u00f3s todo \u201c este drama\u201d ainda fa\u00e7o sess\u00f5es de hipnoterapia\u00a0 e sinto-me muito bem, mais forte e com muita seguran\u00e7a com vontade de ir para\u00a0 a frente e vencer!<br \/>\nA minha vida ap\u00f3s a terapia mudou para melhor quer a n\u00edvel pessoal quer a n\u00edvel profissional, tornei-me mais forte e mais confiante.<br \/>\n<strong>Empres\u00e1ria, 53 anos, Lisboa<\/strong><\/p>\n<p>\u201c Contactei a Dra. Ros\u00e1rio com o objetivo de resolver um problema de disfun\u00e7\u00e3o sexual de origem psicol\u00f3gica.<br \/>\nCom tr\u00eas sess\u00f5es apenas consegui ver melhorias significativas, n\u00e3o s\u00f3 relativamente ao problema em si, mas em rela\u00e7\u00e3o e outros aspetos, de certa forma ligados, como o stress e a autoconfian\u00e7a.<br \/>\nAprendi a auto hipnose que hoje pratico regularmente, sendo para mim uma ferramenta fundamental para o meu equil\u00edbrio f\u00edsico, emocional e mental. Gra\u00e7as a esta pratica<br \/>\nConsigo atingir n\u00edveis de calma e relaxamento que s\u00f3 ap\u00f3s um m\u00eas de f\u00e9rias conseguiria. Deste modo a minha produtividade aumentou, assim como a minha capacidade de utilizar o meu m\u00e1ximo potencial durante o dia a dia.\u201d<br \/>\n<strong>Empres\u00e1rio, 43 anos, Lisboa<\/strong><\/p>\n<p>&#8220;Ap\u00f3s 32 anos a roer as unhas de forma compulsiva e de ser quase auto flagela\u00e7\u00e3o, entendi que precisava de ajuda. Gra\u00e7as \u00e0 hipnoterapia, hoje j\u00e1 tenho unhas, e finalmente vejo quais as in\u00fameras vantagens de ter unhas.&#8221;<br \/>\n<strong>Profissional de Restaura\u00e7\u00e3o, 32 anos, Azeit\u00e3o<\/strong><\/p>\n<p>&#8220;Durante alguns anos tive sintomas de SCI (S\u00edndrome do C\u00f3lon Irrit\u00e1vel), os quais interferiam com a minha vida di\u00e1ria. Os medicamentos aliviavam estes sintomas mas ap\u00f3s a sua paragem havia recorr\u00eancia. Com as sess\u00f5es de hipnoterapia, os sintomas foram desaparecendo e presentemente estou assintom\u00e1tica &#8211;\u00a0\u00e9 indescrit\u00edvel a diferen\u00e7a que isto causou na minha qualidade de vida.&#8221;<br \/>\n<strong>M\u00e9dica, 48 anos, Lisboa<\/strong><\/p>\n<p>\u201cCom o recurso \u00e0 Hipnoterapia, fui capaz de me libertar do vicio da nicotina. Com a Hipnoterapia consegui atingir n\u00edveis de concentra\u00e7\u00e3o de tranquilidade e de relaxamento que at\u00e9 ent\u00e3o n\u00e3o tinha sentido, e o que me parecia dif\u00edcil foi para mim facilitado com o recurso \u00e0 Hipnoterapia e aos consequentes exerc\u00edcios de auto-hipnose que me ensinaram durante o tratamento. Estou sem d\u00favida agradecido \u00e0 Ros\u00e1rio e \u00e0 hipnose, que conseguiu tornar-me num homem diferente, mais confiante, mais tranquilo e sem d\u00favida mais saud\u00e1vel.\u201d<br \/>\n<strong>Inform\u00e1tico, \u00a039 anos, Lisboa<\/strong><\/p>\n<p>\u201cH\u00e1 pouco tempo recorri \u00e0 hipnose para um problema pontual de car\u00e1cter emocional e profissional. Com a ajuda da hipnose tenho aprendido a controlar melhor os meus medos e faltas de confian\u00e7a e a encontrar o foco das coisas. Tornei-me mais forte e segura no confronto com as dificuldades que tenho encontrado na minha profiss\u00e3o.\u201d<br \/>\n<strong>Actriz, 52 anos,\u00a0Lisboa<\/strong><\/p>\n<p>\u201cDurante uma conversa com um professor e amigo, foi-me recomendado que consultasse a Ros\u00e1rio, uma vez que a sua especialidade j\u00e1 havia ajudado outros seus ex-alunos com quest\u00f5es semelhantes \u00e0 minha. No meu caso, uma quebra significativa na auto-estima e subsequente processo de desmotiva\u00e7\u00e3o pessoal e profissional. Se juntarmos a isto a perda de duas refer\u00eancias importantes da minha inf\u00e2ncia, o cocktail s\u00f3 tinha de dar mau resultado. Foi com base nestas vari\u00e1veis que, ap\u00f3s 3 sess\u00f5es de Hipnoterapia, a Ros\u00e1rio conseguiu devolver a espontaneidade, a curiosidade, o atrevimento e a confian\u00e7a que andavam arredadas do meu dia a dia, com consequ\u00eancias \u00f3bvias quer a n\u00edvel pessoal quer a n\u00edvel profissional.\u201d<br \/>\n<strong>Gestor de Projectos de uma Multinacional, 37 anos, Lisboa<\/strong><\/p>\n<p>\u201cA determinado momento da minha vida, h\u00e1 sensivelmente um ano, dou por mim \u00e0 beira do desespero&#8230; Trabalhava 80 horas por semana h\u00e1 cerca de 2 anos, estava exausta e havia pouco tempo tinha tido um acidente muito grave nas f\u00e9rias com os meus melhores amigos. Sabia que n\u00e3o estava bem e procurei ajuda atrav\u00e9s da hipnose. Mais do que ser medicada com qu\u00edmicos para uma s\u00e9rie de sintomas, eu tinha de mudar a minha vida!<br \/>\nA hipnose ajudou-me em todo o processo de mudan\u00e7a e actualmente vou trabalhar no Reino Unido. Sou Feliz!!&#8221;<br \/>\n<strong> Enfermeira, 29 anos, Lisboa<\/strong>.<\/p>\n<p>\u201cEstava num momento da minha vida em que tudo parecia ter colapsado, como se me tivessem tirado o tapete debaixo dos p\u00e9s. Um casamento que eu pensava que ia durar para toda a vida e de repente tudo acabou. Tr\u00eas filhos em comum, um projecto de vida que, pensava eu, estava a ser vivido com o mesmo empenho pelos dois. Engano meu. Outra pessoa apareceu no meio e veio acabar com algo que provavelmente j\u00e1 estava ferrugento na base.\u00a0Mas eu n\u00e3o estava \u00e0 espera e fiquei completamente desestabilizada.<br \/>\nRecomendaram-me uma hipnoterapeuta amiga de uma amiga. Fui, por confiar na minha amiga, porque naquela altura eu n\u00e3o sabia sequer o que era a hipnoterapia.<br \/>\nEstabeleceu-se logo uma rela\u00e7\u00e3o de confian\u00e7a, pois ela era muito simp\u00e1tica e gentil. Lembro-me que tinha uma voz muito confortante e suave.<br \/>\nDurante a sess\u00e3o de hipnose fui sempre ouvindo o que a terapeuta me dizia, ficando muito concentrada na sua voz e nas coisas que ia sentindo e imaginando.<br \/>\nConvidava-me a relaxar e fui ficando mais e mais calma. Sentia-me segura naquele ambiente e com aquela terapeuta.<br \/>\nO que aconteceu durante a terapia j\u00e1 n\u00e3o me lembro bem. Sei que chorei muito e aliviei o peso que sentia sobre os ombros e o n\u00f3 que sentia na garganta dissipou-se.\u00a0Quando acordei daquele estado, senti-me muito mais calma e com a minha cabe\u00e7a mais clara. Parecia que a confus\u00e3o de emo\u00e7\u00f5es que eu sentia tinha desaparecido e que conseguia olhar para a situa\u00e7\u00e3o de uma forma mais calma, como se estivesse de fora.<br \/>\nFiz ainda mais duas sess\u00f5es que me ajudaram a sair do papel de v\u00edtima e a sentir-me mais em controlo da situa\u00e7\u00e3o.\u00a0Acabei por me divorciar, mas consegui ir buscar for\u00e7as que eu n\u00e3o sabia existirem dentro de mim, e consegui refazer a minha vida, a minha auto estima e a minha auto confian\u00e7a.&#8221;<br \/>\n<strong>Banc\u00e1ria, 39 anos, Lisboa<\/strong><\/p>\n","protected":false},"excerpt":{"rendered":"<p>Talvez a palavra que melhor descreve a minha experi\u00eancia com a hipnoterapia seja \u201cMilagre\u201d. Antes da primeira sess\u00e3o estava deprimida, com uma anorexia nervosa. Todas as manh\u00e3s me perguntava porque raz\u00e3o deveria sair da cama e qual o sentido da &hellip; <a href=\"https:\/\/www.verasacchetti.net\/hipnose\/?page_id=24\">Continuar a ler <span class=\"meta-nav\">&rarr;<\/span><\/a><\/p>\n","protected":false},"author":1,"featured_media":0,"parent":0,"menu_order":5,"comment_status":"closed","ping_status":"closed","template":"","meta":{"footnotes":""},"class_list":["post-24","page","type-page","status-publish","hentry"],"_links":{"self":[{"href":"https:\/\/www.verasacchetti.net\/hipnose\/index.php?rest_route=\/wp\/v2\/pages\/24","targetHints":{"allow":["GET"]}}],"collection":[{"href":"https:\/\/www.verasacchetti.net\/hipnose\/index.php?rest_route=\/wp\/v2\/pages"}],"about":[{"href":"https:\/\/www.verasacchetti.net\/hipnose\/index.php?rest_route=\/wp\/v2\/types\/page"}],"author":[{"embeddable":true,"href":"https:\/\/www.verasacchetti.net\/hipnose\/index.php?rest_route=\/wp\/v2\/users\/1"}],"replies":[{"embeddable":true,"href":"https:\/\/www.verasacchetti.net\/hipnose\/index.php?rest_route=%2Fwp%2Fv2%2Fcomments&post=24"}],"version-history":[{"count":21,"href":"https:\/\/www.verasacchetti.net\/hipnose\/index.php?rest_route=\/wp\/v2\/pages\/24\/revisions"}],"predecessor-version":[{"id":428,"href":"https:\/\/www.verasacchetti.net\/hipnose\/index.php?rest_route=\/wp\/v2\/pages\/24\/revisions\/428"}],"wp:attachment":[{"href":"https:\/\/www.verasacchetti.net\/hipnose\/index.php?rest_route=%2Fwp%2Fv2%2Fmedia&parent=24"}],"curies":[{"name":"wp","href":"https:\/\/api.w.org\/{rel}","templated":true}]}}