{"id":405,"date":"2018-11-05T21:16:11","date_gmt":"2018-11-05T21:16:11","guid":{"rendered":"http:\/\/www.verasacchetti.net\/hipnose\/?page_id=405"},"modified":"2018-11-05T21:56:28","modified_gmt":"2018-11-05T21:56:28","slug":"deixar-de-fumar","status":"publish","type":"page","link":"https:\/\/www.verasacchetti.net\/hipnose\/?page_id=405","title":{"rendered":"Deixar de Fumar"},"content":{"rendered":"<p>H\u00e1 20 anos que ajudo pessoas a deixar este h\u00e1bito t\u00e3o destrutivo que \u00e9 fumar.<br \/>\nEm 2007 publiquei um livro com este t\u00edtulo &#8220;Deixar de Fumar atrav\u00e9s da Hipnoterapia&#8221;.<\/p>\n<p>Posso afirmar que \u00e9 um processo extremamente f\u00e1cil e eficaz.<br \/>\n\u00c9 preciso <strong>querer<\/strong> deixar o tabaco. Um tratamento por hipnose (ou qualquer outro) n\u00e3o vai convencer algu\u00e9m que n\u00e3o queira largar o h\u00e1bito. E quando uma pessoa quer deixar de fumar, esta t\u00e9cnica tem demonstrado resultados muito eficazes.<br \/>\nA hipnoterapia para deixar de fumar envolve uma s\u00e9rie de sugest\u00f5es que v\u00e3o condicionar a pessoa \u00e0 nova realidade:\u00a0 \u00a0 \u00a0<span style=\"text-decoration: underline;\">Uma vida sem fumar!<br \/>\n<\/span>O ex-fumador sai da sess\u00e3o altamente sugestionado e enfrenta a vida sem vontade de fumar e sem qualquer stress. Est\u00e1 a viver a vida como quer viv\u00ea-la:\u00a0 \u00a0<strong>saudavelmente<\/strong>.<br \/>\nComo parte da terapia, ensino a <span style=\"text-decoration: underline;\">Auto-Hipnose<\/span> aos meus pacientes, para que possam refor\u00e7ar, em casa, o trabalho feito na sess\u00e3o. A Auto Hipnose \u00e9 um exerc\u00edcio de mentaliza\u00e7\u00e3o em que o paciente repete para si mesmo pensamentos positivos que o ajudam a manter a sua escolha, o seu objetivo.<\/p>\n<p><strong>Tratamento (2 sess\u00f5es)<\/strong><br \/>\nFa\u00e7o o tratamento na 1\u00aa sess\u00e3o (2h a 2h30), e o candidato deixa logo de fumar.\u00a0Deve vir preparado para tal. Deita fora todos os cigarros que tem consigo e em casa.<br \/>\nQuando sair do meu consult\u00f3rio dever\u00e1 reencontrar os seus ambientes totalmente livres de fumo ou vest\u00edgios de cigarros.<br \/>\nA 2\u00aa sess\u00e3o (1h a 1h15), uma semana depois, destina-se a acompanhar o &#8216;n\u00e3o fumador&#8217; neste processo de mudan\u00e7a solidificando o tratamento.<\/p>\n<p>&nbsp;<\/p>\n","protected":false},"excerpt":{"rendered":"<p>H\u00e1 20 anos que ajudo pessoas a deixar este h\u00e1bito t\u00e3o destrutivo que \u00e9 fumar. Em 2007 publiquei um livro com este t\u00edtulo &#8220;Deixar de Fumar atrav\u00e9s da Hipnoterapia&#8221;. Posso afirmar que \u00e9 um processo extremamente f\u00e1cil e eficaz. \u00c9 &hellip; <a href=\"https:\/\/www.verasacchetti.net\/hipnose\/?page_id=405\">Continuar a ler <span class=\"meta-nav\">&rarr;<\/span><\/a><\/p>\n","protected":false},"author":1,"featured_media":0,"parent":0,"menu_order":0,"comment_status":"closed","ping_status":"closed","template":"","meta":{"footnotes":""},"class_list":["post-405","page","type-page","status-publish","hentry"],"_links":{"self":[{"href":"https:\/\/www.verasacchetti.net\/hipnose\/index.php?rest_route=\/wp\/v2\/pages\/405","targetHints":{"allow":["GET"]}}],"collection":[{"href":"https:\/\/www.verasacchetti.net\/hipnose\/index.php?rest_route=\/wp\/v2\/pages"}],"about":[{"href":"https:\/\/www.verasacchetti.net\/hipnose\/index.php?rest_route=\/wp\/v2\/types\/page"}],"author":[{"embeddable":true,"href":"https:\/\/www.verasacchetti.net\/hipnose\/index.php?rest_route=\/wp\/v2\/users\/1"}],"replies":[{"embeddable":true,"href":"https:\/\/www.verasacchetti.net\/hipnose\/index.php?rest_route=%2Fwp%2Fv2%2Fcomments&post=405"}],"version-history":[{"count":3,"href":"https:\/\/www.verasacchetti.net\/hipnose\/index.php?rest_route=\/wp\/v2\/pages\/405\/revisions"}],"predecessor-version":[{"id":408,"href":"https:\/\/www.verasacchetti.net\/hipnose\/index.php?rest_route=\/wp\/v2\/pages\/405\/revisions\/408"}],"wp:attachment":[{"href":"https:\/\/www.verasacchetti.net\/hipnose\/index.php?rest_route=%2Fwp%2Fv2%2Fmedia&parent=405"}],"curies":[{"name":"wp","href":"https:\/\/api.w.org\/{rel}","templated":true}]}}