{"id":415,"date":"2020-03-23T11:17:20","date_gmt":"2020-03-23T11:17:20","guid":{"rendered":"http:\/\/www.verasacchetti.net\/hipnose\/?page_id=415"},"modified":"2022-02-15T01:22:54","modified_gmt":"2022-02-15T01:22:54","slug":"consultas-online","status":"publish","type":"page","link":"https:\/\/www.verasacchetti.net\/hipnose\/?page_id=415","title":{"rendered":"Consultas online"},"content":{"rendered":"\n<p>Para al\u00e9m das consultas presenciais, tamb\u00e9m fa\u00e7o consultas online atrav\u00e9s das plataformas Zoom, Skype ou outras.  <br><\/p>\n\n\n\n<p>Para este procedimento \u00e9 necess\u00e1rio um ambiente silencioso, com privacidade, num local onde o paciente possa estar confortavelmente instalado. <br><\/p>\n\n\n\n<p><br><\/p>\n\n\n\n<p><\/p>\n\n\n\n<p><\/p>\n","protected":false},"excerpt":{"rendered":"<p>Para al\u00e9m das consultas presenciais, tamb\u00e9m fa\u00e7o consultas online atrav\u00e9s das plataformas Zoom, Skype ou outras. Para este procedimento \u00e9 necess\u00e1rio um ambiente silencioso, com privacidade, num local onde o paciente possa estar confortavelmente instalado.<\/p>\n","protected":false},"author":1,"featured_media":0,"parent":0,"menu_order":0,"comment_status":"closed","ping_status":"closed","template":"","meta":{"footnotes":""},"class_list":["post-415","page","type-page","status-publish","hentry"],"_links":{"self":[{"href":"https:\/\/www.verasacchetti.net\/hipnose\/index.php?rest_route=\/wp\/v2\/pages\/415","targetHints":{"allow":["GET"]}}],"collection":[{"href":"https:\/\/www.verasacchetti.net\/hipnose\/index.php?rest_route=\/wp\/v2\/pages"}],"about":[{"href":"https:\/\/www.verasacchetti.net\/hipnose\/index.php?rest_route=\/wp\/v2\/types\/page"}],"author":[{"embeddable":true,"href":"https:\/\/www.verasacchetti.net\/hipnose\/index.php?rest_route=\/wp\/v2\/users\/1"}],"replies":[{"embeddable":true,"href":"https:\/\/www.verasacchetti.net\/hipnose\/index.php?rest_route=%2Fwp%2Fv2%2Fcomments&post=415"}],"version-history":[{"count":5,"href":"https:\/\/www.verasacchetti.net\/hipnose\/index.php?rest_route=\/wp\/v2\/pages\/415\/revisions"}],"predecessor-version":[{"id":437,"href":"https:\/\/www.verasacchetti.net\/hipnose\/index.php?rest_route=\/wp\/v2\/pages\/415\/revisions\/437"}],"wp:attachment":[{"href":"https:\/\/www.verasacchetti.net\/hipnose\/index.php?rest_route=%2Fwp%2Fv2%2Fmedia&parent=415"}],"curies":[{"name":"wp","href":"https:\/\/api.w.org\/{rel}","templated":true}]}}