{"id":46,"date":"2010-08-23T02:14:55","date_gmt":"2010-08-23T02:14:55","guid":{"rendered":"http:\/\/www.verasacchetti.net\/hipnose\/?page_id=46"},"modified":"2024-09-02T11:03:56","modified_gmt":"2024-09-02T11:03:56","slug":"contactos","status":"publish","type":"page","link":"https:\/\/www.verasacchetti.net\/hipnose\/?page_id=46","title":{"rendered":"Contactos"},"content":{"rendered":"<p><strong>Ros\u00e1rio Vilardeb\u00f3<\/strong><br \/>\n<strong>tm\u00a0 \u00a0 \u00a0<\/strong>\u00a0 \u00a0 \u00a0 +351 933713223<br \/>\n<strong>email\u00a0 \u00a0 \u00a0 \u00a0<\/strong><a href=\"mailto:rosario.vilardebo@gmail.com\">rosario.vilardebo@gmail.com<\/a><br \/>\n<strong>website.<\/strong> <a href=\"http:\/\/www.hipnose.net\" target=\"_blank\" rel=\"noopener noreferrer\">http:\/\/www.hipnose.net<\/a><\/p>\n<p><strong>LOCAIS DE CONSULTAS<\/strong><\/p>\n<p><strong><u>Consultas Presenciais<\/u><\/strong><b><\/b><\/p>\n<p><strong>Lisboa\u00a0<\/strong>(aos s\u00e1bados)<br \/>\nRua Andrade Corvo<\/p>\n<p><b>\u00d3bidos<br \/>\n<\/b>Rua dos Arrifes, 20<br \/>\n2510-074 \u00d3bidos<\/p>\n<p><strong><u>Consultas Online<\/u><br \/>\n<\/strong><em><br \/>\n<\/em><\/p>\n<p><span style=\"font-size: small;\"><span class=\"Apple-style-span\" style=\"line-height: 24px;\"><strong>\u00a0<\/strong><\/span><\/span><\/p>\n<p><span style=\"color: #000000;\"><strong>\u00a0<\/strong><\/span><\/p>\n","protected":false},"excerpt":{"rendered":"<p>Ros\u00e1rio Vilardeb\u00f3 tm\u00a0 \u00a0 \u00a0\u00a0 \u00a0 \u00a0 +351 933713223 email\u00a0 \u00a0 \u00a0 \u00a0rosario.vilardebo@gmail.com website. http:\/\/www.hipnose.net LOCAIS DE CONSULTAS Consultas Presenciais Lisboa\u00a0(aos s\u00e1bados) Rua Andrade Corvo \u00d3bidos Rua dos Arrifes, 20 2510-074 \u00d3bidos Consultas Online \u00a0 \u00a0<\/p>\n","protected":false},"author":1,"featured_media":0,"parent":0,"menu_order":7,"comment_status":"closed","ping_status":"closed","template":"","meta":{"footnotes":""},"class_list":["post-46","page","type-page","status-publish","hentry"],"_links":{"self":[{"href":"https:\/\/www.verasacchetti.net\/hipnose\/index.php?rest_route=\/wp\/v2\/pages\/46","targetHints":{"allow":["GET"]}}],"collection":[{"href":"https:\/\/www.verasacchetti.net\/hipnose\/index.php?rest_route=\/wp\/v2\/pages"}],"about":[{"href":"https:\/\/www.verasacchetti.net\/hipnose\/index.php?rest_route=\/wp\/v2\/types\/page"}],"author":[{"embeddable":true,"href":"https:\/\/www.verasacchetti.net\/hipnose\/index.php?rest_route=\/wp\/v2\/users\/1"}],"replies":[{"embeddable":true,"href":"https:\/\/www.verasacchetti.net\/hipnose\/index.php?rest_route=%2Fwp%2Fv2%2Fcomments&post=46"}],"version-history":[{"count":57,"href":"https:\/\/www.verasacchetti.net\/hipnose\/index.php?rest_route=\/wp\/v2\/pages\/46\/revisions"}],"predecessor-version":[{"id":449,"href":"https:\/\/www.verasacchetti.net\/hipnose\/index.php?rest_route=\/wp\/v2\/pages\/46\/revisions\/449"}],"wp:attachment":[{"href":"https:\/\/www.verasacchetti.net\/hipnose\/index.php?rest_route=%2Fwp%2Fv2%2Fmedia&parent=46"}],"curies":[{"name":"wp","href":"https:\/\/api.w.org\/{rel}","templated":true}]}}