{"id":5,"date":"2010-08-22T23:24:35","date_gmt":"2010-08-22T23:24:35","guid":{"rendered":"http:\/\/www.verasacchetti.net\/hipnose\/?page_id=5"},"modified":"2014-05-08T23:58:12","modified_gmt":"2014-05-08T23:58:12","slug":"hipnose","status":"publish","type":"page","link":"https:\/\/www.verasacchetti.net\/hipnose\/?page_id=5","title":{"rendered":"Hipnose"},"content":{"rendered":"<p>A <strong>hipnose<\/strong> \u00e9 um fen\u00f3meno natural da nossa mente que experimentamos v\u00e1rias vezes ao dia, quando por exemplo estamos a\u00a0ler um livro, ou a guiar por um caminho conhecido de tal forma concentrados que nos desligamos da realidade exterior.<\/p>\n<p>Usada clinicamente, a hipnose \u00e9 induzida por um terapeuta que leva a pessoa, atrav\u00e9s de sugest\u00f5es, a fechar os olhos, a relaxar o seu corpo, acalmar a sua mente, mudando o foco de aten\u00e7\u00e3o do exterior para o interior. \u00a0O corpo fica t\u00e3o descontra\u00eddo e let\u00e1rgico que parece estar a dormir. \u00a0Mas a verdade \u00e9 que a pessoa hipnotizada n\u00e3o est\u00e1 a dormir.<\/p>\n<p>A mente fica bem desperta (por vezes bem mais alerta do que o normal do dia a dia) e a pessoa est\u00e1 totalmente em controlo do que diz e faz.\u00a0N\u00e3o dir\u00e1 ou far\u00e1 algo que n\u00e3o queira ou que seja contra o seu sistema de convic\u00e7\u00f5es.<\/p>\n<p>Quando desperta, a pessoa lembra-se do que se passou, tal como numa conversa normal em que se recordam as partes mais importantes e relevantes da mesma.<\/p>\n","protected":false},"excerpt":{"rendered":"<p>A hipnose \u00e9 um fen\u00f3meno natural da nossa mente que experimentamos v\u00e1rias vezes ao dia, quando por exemplo estamos a\u00a0ler um livro, ou a guiar por um caminho conhecido de tal forma concentrados que nos desligamos da realidade exterior. Usada &hellip; <a href=\"https:\/\/www.verasacchetti.net\/hipnose\/?page_id=5\">Continuar a ler <span class=\"meta-nav\">&rarr;<\/span><\/a><\/p>\n","protected":false},"author":1,"featured_media":0,"parent":0,"menu_order":2,"comment_status":"closed","ping_status":"closed","template":"","meta":{"footnotes":""},"class_list":["post-5","page","type-page","status-publish","hentry"],"_links":{"self":[{"href":"https:\/\/www.verasacchetti.net\/hipnose\/index.php?rest_route=\/wp\/v2\/pages\/5","targetHints":{"allow":["GET"]}}],"collection":[{"href":"https:\/\/www.verasacchetti.net\/hipnose\/index.php?rest_route=\/wp\/v2\/pages"}],"about":[{"href":"https:\/\/www.verasacchetti.net\/hipnose\/index.php?rest_route=\/wp\/v2\/types\/page"}],"author":[{"embeddable":true,"href":"https:\/\/www.verasacchetti.net\/hipnose\/index.php?rest_route=\/wp\/v2\/users\/1"}],"replies":[{"embeddable":true,"href":"https:\/\/www.verasacchetti.net\/hipnose\/index.php?rest_route=%2Fwp%2Fv2%2Fcomments&post=5"}],"version-history":[{"count":10,"href":"https:\/\/www.verasacchetti.net\/hipnose\/index.php?rest_route=\/wp\/v2\/pages\/5\/revisions"}],"predecessor-version":[{"id":305,"href":"https:\/\/www.verasacchetti.net\/hipnose\/index.php?rest_route=\/wp\/v2\/pages\/5\/revisions\/305"}],"wp:attachment":[{"href":"https:\/\/www.verasacchetti.net\/hipnose\/index.php?rest_route=%2Fwp%2Fv2%2Fmedia&parent=5"}],"curies":[{"name":"wp","href":"https:\/\/api.w.org\/{rel}","templated":true}]}}