{"id":63,"date":"2010-08-25T23:14:34","date_gmt":"2010-08-25T23:14:34","guid":{"rendered":"http:\/\/www.verasacchetti.net\/hipnose\/?page_id=63"},"modified":"2020-01-17T15:49:38","modified_gmt":"2020-01-17T15:49:38","slug":"quem-sou-2","status":"publish","type":"page","link":"https:\/\/www.verasacchetti.net\/hipnose\/?page_id=63","title":{"rendered":"Quem sou"},"content":{"rendered":"<p><a href=\"http:\/\/www.verasacchetti.net\/hipnose\/wp-content\/uploads\/2010\/08\/IMG_9362.jpg\" rel=\"lightbox[63]\"><img loading=\"lazy\" decoding=\"async\" class=\"alignright size-medium wp-image-95\" title=\"IMG_9362\" src=\"http:\/\/www.verasacchetti.net\/hipnose\/wp-content\/uploads\/2010\/08\/IMG_9362-200x300.jpg\" alt=\"\" width=\"200\" height=\"300\" srcset=\"https:\/\/www.verasacchetti.net\/hipnose\/wp-content\/uploads\/2010\/08\/IMG_9362-200x300.jpg 200w, https:\/\/www.verasacchetti.net\/hipnose\/wp-content\/uploads\/2010\/08\/IMG_9362-683x1024.jpg 683w, https:\/\/www.verasacchetti.net\/hipnose\/wp-content\/uploads\/2010\/08\/IMG_9362.jpg 1880w\" sizes=\"auto, (max-width: 200px) 100vw, 200px\" \/><\/a>Depois de completar o curso Geral do Liceu em Oeiras, inscrevi-me no ISLA onde fiz o curso de Assessoria de Direc\u00e7\u00e3o. Trabalhei na Unicre durante 9 anos, casei, tive 5 filhos. \u00a0A hipnose surge num momento complicado da minha vida quando precisei de ajuda para ultrapassar um div\u00f3rcio.<\/p>\n<p>Em 1994\/1995 &#8211;<span style=\"color: #000000;\">F<\/span>iz o Curso de Psicoterapia e Hipnoterapia com o\u00a0Professor Ronald Pittendrigh\u00a0do<strong> Professional Hypnotherapist Centre.<br \/>\n<\/strong>Em 1995\/1996 &#8211; Fiz o curso Diploma em Hipnose Cl\u00ednica com a\u00a0Professora Angela Trainer do\u00a0<strong>London College of Clinical Hypnosis<\/strong>.<br \/>\nEm 2006 &#8211; Fiz o curso Practitioner Diploma pelo\u00a0<strong>London College of Clinical Hypnosis<\/strong><\/p>\n<p>Desde 1996 que sou hipnoterapeuta e, presentemente, dou consultas em\u00a0Pa\u00e7o de Arcos, distrito de Lisboa.<\/p>\n<p>Entre 2002\/2010 &#8211; Representei o London College o Clinical Hypnosis (LCCH) em Portugal, e em conjunto com uma equipa de professores e tutores valiosos, conduzi a tarefa de formar in\u00fameros hipnoterapeutas em Lisboa, Porto e Algarve;<br \/>\nEm\u00a02006 &#8211; Conduzi a forma\u00e7\u00e3o da Parte I do Curso em Hipnose Cl\u00ednica do LCCH em Barcelona, Espanha;<br \/>\nEm\u00a02007 &#8211; Publiquei um livro com a editora Ulisseia\/Verbo com o nome \u201c<strong>Deixar de Fumar atrav\u00e9s da Hipnoterapia<\/strong>\u201d;<br \/>\nEntre 2008\/2010- Fui convidada pela Universidade Cat\u00f3lica Portuguesa, para conduzir a Cadeira Semestral \u201cT\u00e9cnicas de Relaxamento\u201d do 3\u00ba ano Licenciatura de Enfermagem, e para participar na Cadeira \u201cTerapias Complementares\u201d do 4\u00ba ano da Licenciatura de Enfermagem, falando sobre o tema Hipnose;<br \/>\nEm 2009 &#8211; Fui um dos Membros Fundadores da Associa\u00e7\u00e3o de Hipnose Cl\u00ednica de Portugal &#8211; AHCP, ocupando presentemente o lugar de Presidente da Mesa da Assembleia;<br \/>\nEm 2009 &#8211; Completei o curso &#8220;The Fertile Body Method&#8221; em Londres, UK, com Sjanie Hugo &#8211; Hipnose na \u00e1rea da Infertilidade.<br \/>\nEm 2010 &#8211; Adquiri o Certificado de Aptid\u00e3o de Formador N\u00ba EDF 523737\/2010 DL, emitido pelo Minist\u00e9rio do Trabalho e da Solidariedade Social, \u00a0Instituto do Emprego e Forma\u00e7\u00e3o Profissional.<br \/>\nEm 2012 &#8211; Completei o Curso de Estudos Avan\u00e7ados em Sa\u00fade Mental na Universidade Cat\u00f3lica Portuguesa de Lisboa.<br \/>\nEm 2015 &#8211; Completei o curso &#8220;M\u00e9todo easibirthing <strong>\u00ae<\/strong>&#8221; &#8211; Hipnoparto &#8211; Certificada pelo National College of Hypnosis &amp; Psychotherapy<br \/>\nEm 2017 &#8211; Completei o curso &#8220;Trance Generativo para tratar el Trauma&#8221; com Stephen Gilligan &#8211; El Instituto Erickson Madrid<br \/>\nEm 2018 &#8211; Curso &#8220;Abra\u00e7ar a Vida Aceitando a Morte&#8221; &#8211;\u00a0 AMARA<\/p>\n<p>Masterclasses :<br \/>\n(1997) Smoking Cessation\u2013York, UK \u2013 Michael Joseph<br \/>\n(1997) Managing Stress\u2013 Manchester, UK \u2013 Ursula James<br \/>\n(1998)-Past Life Regression Therapy &#8211; London, UK\u2013 Mary<br \/>\n(1998) HIV &amp; AIDS\u2013 London, UK \u2013 Mary MacCallum<br \/>\n(2000) Psychoneuroimmunology I- London, UK<span style=\"line-height: 24px;\">\u2013 Peter Mabbutt<\/span><br \/>\n(2001) Habits, Dependancies &amp; Addictions\u2013 Glasgow,UK \u2013 G. Watts &amp; A. Trainer<br \/>\n(2001) Psychodrama and Action Techniques\u2013 Glasgow, UK \u2013 Angela Trainer<br \/>\n(2003 e 2016) Working With Children- Lisboa, Portugal \u2013 Lynda Hudson<br \/>\n(2003) Hypnotherapy and Spiritual Awakening\u2013 Lisboa, Portugal -Avy Joseph<br \/>\n(2005) Symptom Interpretation-Lisboa, Portugal \u2013 Karine Solloway<br \/>\n(2005) Treating Panic Disorder\u2013 Lisboa, Portugal \u2013 Avy Joseph<br \/>\n(2010) Ansiedade de Desempenho e Treino Mental\u2013Lisboa, Portugal- Margarida F. Santos<br \/>\n(2010) Personalidade do Adito\u2013 Lisboa, Portugal \u2013 Miguel Cocco<br \/>\n(2011) Voz e Express\u00e3o \u2013 Lisboa, Portugal \u2013 L\u00facia Lemos<br \/>\n(2012) Treating Panic Disorder with CBH &#8211; Lisboa, Portugal \u2013 Avy Joseph<br \/>\n(2012) Solving Self esteem Problems with CBH &#8211; Lisboa, Portugal \u2013 Avy Joseph<br \/>\n(2013) Life Between Lives \u2013 \u00a0Lisboa, Portugal &#8211; Charles Caruana<br \/>\n(2013) EFT e Hipnose &#8211; Porto, Portugal \u2013 Jatir Schmitt<\/p>\n<p>Outras forma\u00e7\u00f5es<br \/>\n(1997) \u00a0Curso de Cura Espiritual com a NFSH\u2013 National Federation of Spiritual Healers \u2013 Almancil, Portugal<br \/>\n(2005) \u00a0\u201cSono e Sonhos\u201d\u2013 Prof. Allan Hobson \u2013 ISPA \u2013 Lisboa (s\/ certificado)<br \/>\n(2005) \u00a0\u201cMem\u00f3rias \u2013 verdadeiras ou falsas\u201d\u2013 Prof. G. Mazzoni \u2013 ISPA \u2013 Lisboa,<br \/>\n(2007) \u00a0Nivel I e II de Reiki\u2013 Estoril, Portugal (s\/ certificado)<br \/>\n(2008) \u00a0Simp\u00f3sio Ib\u00e9rico de Hipnose Cl\u00ednica e Experimental\u2013 Coimbra, Portugal<br \/>\n(2009)\u00a0 Prelectora na Confer\u00eancia \u201cCuidar Complementar no Fim de Vida\u201d-UCP Lisboa<br \/>\n(2010) \u00a08\u00ba Simp\u00f3sio da Funda\u00e7\u00e3o BIAL \u201cAqu\u00e9m e Al\u00e9m do C\u00e9rebro\u201d\u2013 Porto, Portugal<br \/>\n(2011) \u00a0Congresso da CEPO \u201cPsicologia em Oncologia\u201d\u2013 Porto<br \/>\n(2011) \u00a0Workshop sobre Hipnose em Oncologia com Prof.M\u00e1rio Sim\u00f5es\u2013 Porto,<br \/>\n(2011) \u00a0Confer\u00eancia \u201cThe Origins of Language\u201d Prof.Michael C.Corballis ICS-UCP<br \/>\n(2011)\u00a0 Congresso de Oncologia Integrativa \u2013 Ass. Oncol\u00f3gica Algarve, Faro<br \/>\n(2012) \u00a09\u00ba Simp\u00f3sio da Funda\u00e7\u00e3o BIAL \u201cAqu\u00e9m e Al\u00e9m do C\u00e9rebro\u201d\u2013 Porto<br \/>\n(2012)\u00a0 Palestrante no III Curso de Dor Oncol\u00f3gica \u2013 ANEDO- IPO Lisboa<br \/>\n(2012)\u00a0 Palestrante na 2\u00aas Jornadas Unidades da Dor \u2013 APED &#8211; Leiria<br \/>\n(2014) 10\u00ba Simp\u00f3sio da Funda\u00e7\u00e3o BIAL \u201cAqu\u00e9m e Al\u00e9m do C\u00e9rebro\u201d-Porto<br \/>\n(2018) 12\u00ba Simp\u00f3sio da Funda\u00e7\u00e3o BIAL \u201cAqu\u00e9m e Al\u00e9m do C\u00e9rebro\u201d-Porto<\/p>\n","protected":false},"excerpt":{"rendered":"<p>Depois de completar o curso Geral do Liceu em Oeiras, inscrevi-me no ISLA onde fiz o curso de Assessoria de Direc\u00e7\u00e3o. Trabalhei na Unicre durante 9 anos, casei, tive 5 filhos. \u00a0A hipnose surge num momento complicado da minha vida &hellip; <a href=\"https:\/\/www.verasacchetti.net\/hipnose\/?page_id=63\">Continuar a ler <span class=\"meta-nav\">&rarr;<\/span><\/a><\/p>\n","protected":false},"author":1,"featured_media":0,"parent":0,"menu_order":1,"comment_status":"closed","ping_status":"closed","template":"","meta":{"footnotes":""},"class_list":["post-63","page","type-page","status-publish","hentry"],"_links":{"self":[{"href":"https:\/\/www.verasacchetti.net\/hipnose\/index.php?rest_route=\/wp\/v2\/pages\/63","targetHints":{"allow":["GET"]}}],"collection":[{"href":"https:\/\/www.verasacchetti.net\/hipnose\/index.php?rest_route=\/wp\/v2\/pages"}],"about":[{"href":"https:\/\/www.verasacchetti.net\/hipnose\/index.php?rest_route=\/wp\/v2\/types\/page"}],"author":[{"embeddable":true,"href":"https:\/\/www.verasacchetti.net\/hipnose\/index.php?rest_route=\/wp\/v2\/users\/1"}],"replies":[{"embeddable":true,"href":"https:\/\/www.verasacchetti.net\/hipnose\/index.php?rest_route=%2Fwp%2Fv2%2Fcomments&post=63"}],"version-history":[{"count":22,"href":"https:\/\/www.verasacchetti.net\/hipnose\/index.php?rest_route=\/wp\/v2\/pages\/63\/revisions"}],"predecessor-version":[{"id":412,"href":"https:\/\/www.verasacchetti.net\/hipnose\/index.php?rest_route=\/wp\/v2\/pages\/63\/revisions\/412"}],"wp:attachment":[{"href":"https:\/\/www.verasacchetti.net\/hipnose\/index.php?rest_route=%2Fwp%2Fv2%2Fmedia&parent=63"}],"curies":[{"name":"wp","href":"https:\/\/api.w.org\/{rel}","templated":true}]}}